{"id":6,"date":"2016-05-17T20:46:16","date_gmt":"2016-05-17T19:46:16","guid":{"rendered":"https:\/\/www.pptrhonealpes.com\/?page_id=6"},"modified":"2023-12-04T10:21:03","modified_gmt":"2023-12-04T09:21:03","slug":"demenageur","status":"publish","type":"page","link":"https:\/\/www.pptrhonealpes.com\/","title":{"rendered":"Demenageur"},"content":{"rendered":"\n<h2 class=\"wp-block-heading\">Lorsque l\u2019on d\u00e9cide de d\u00e9m\u00e9nager, il faut s\u2019organiser selon les normes.<\/h2>\n\n\n\n<p>Une \u00e9valuation de ce dernier est indispensable, cette \u00e9valuation est appel\u00e9e <a href=\"https:\/\/www.demenageur.com\/devis-demenagement\/\">devis de d\u00e9m\u00e9nagement<\/a>.<\/p>\n\n\n\n<p>On peut obtenir le devis de d\u00e9m\u00e9nagement gratuitement aupr\u00e8s des agences de demenagement . D\u00e9m\u00e9nager est g\u00e9n\u00e9ralement synonyme de changement de demeure. Celui-ci peut \u00eatre caus\u00e9 par diverse raison variant selon le probl\u00e8me et situation de chacun. D\u2019une part, une affectation en raison de probl\u00e8me professionnel telle une promotion n\u00e9cessitant une immigration vers d\u2019autres lieux, un changement d emploie et bien d\u2019autre raison encore. D\u2019autre part, pour des raisons plus d\u00e9licates comme une querelle amoureuse ou familiale. Dans tous ces cas, la personne est contrainte de d\u00e9m\u00e9nager. Prenons exemple le cas professionnels, la personne d\u00e9sireuse de d\u00e9m\u00e9nager doit emmener avec lui ses effets personnels ainsi que les objets qui lui servirons dans son futur emploie. Dans le cas o\u00f9 les causes du changement de domicile sont familiales, celle-ci est g\u00e9n\u00e9ralement occasionn\u00e9e par l\u2019augmentation de l\u2019effectif familial dans une m\u00eame maison. Cela oblige les plus grands ayant la possibilit\u00e9 de vivre seul \u00e0 changer de domicile. Par ailleurs, une expatriation de l\u2019int\u00e9gralit\u00e9 de la famille vers une demeure plus grande peut \u00eatre envisageable. En outre, les causes d\u2019un d\u00e9m\u00e9nagement peuvent \u00eatre ni familiales ni professionnelles, car elle peut \u00eatre due tout simplement \u00e0 une expulsion. Cette action est occasionn\u00e9e la plupart du temps par un retard de paiement.<\/p>\n\n\n\n<h2 class=\"wp-block-heading\">Les diff\u00e9rentes proc\u00e9dures de d\u00e9m\u00e9nagement<\/h2>\n\n\n\n<p>D\u00e9m\u00e9nager est une d\u00e9cision d\u00e9licate, car lorsqu\u2019elle se fait le d\u00e9m\u00e9nageur se doit de le planifier m\u00e9ticuleusement, c\u2019est-\u00e0-dire organiser le lieu de destination, le moyen de transport et autre priorit\u00e9 afin d\u2019\u00e9viter certains encombrements pendant le trajet. En g\u00e9n\u00e9ral, un d\u00e9m\u00e9nagement peut se faire de deux mani\u00e8res. La premi\u00e8re consiste \u00e0 faire la tache soit m\u00eame. En d\u2019autres termes, le <a href=\"https:\/\/www.demenageur.com\">d\u00e9m\u00e9nageur<\/a> devra effectuer lui-m\u00eame toute l\u2019activit\u00e9 selon ses propres conditions en passant par l\u2019emballage de ses biens dans des cartons de d\u00e9m\u00e9nagement \u00a0allant du transport jusqu\u2019\u00e0 la destination finale ou la future demeure. La mise en carton permet de stocker et de prot\u00e9ger les effets personnels et autres objets fragiles comme les vases, une t\u00e9l\u00e9, un \u00e9cran d\u2019ordinateur ou d\u2019autres objets fragile durant le transport. Lorsque la mise en carton est faite, vient ensuite le d\u00e9crochage des murs ainsi que les installations \u00e9lectriques qui sont primordiales. Par ailleurs, la deuxi\u00e8me fa\u00e7on reste plus facile est plus s\u00e9curis\u00e9, elle consiste tout simplement \u00e0 faire appel aux services d\u2019un d\u00e9m\u00e9nageur professionnels. Ce dernier pourra sans encombre remplir les t\u00e2ches qu\u2019incombe au d\u00e9m\u00e9nagement allant de la mise en carton jusqu\u2019a l\u2019arriv\u00e9, tout cela bien s\u00fbr en toute s\u00e9curit\u00e9 et dans les d\u00e9lais estimer. ceci vous \u00e9vitera de faire votre propre estimation, car leurs t\u00e2ches consistent aussi \u00e0 r\u00e9aliser un devis afin de r\u00e9duire les risques et anticiper l\u2019accumulation de plusieurs soucis.<\/p>\n\n\n\n<h2 class=\"wp-block-heading\">Les cl\u00e9s de la r\u00e9ussite pour d\u00e9m\u00e9nager<\/h2>\n\n\n\n<p>S\u2019assurer du bon d\u00e9roulement d\u2019un changement de domicile n\u2019est pas chose facile.il est important de bien choisir la date de d\u00e9m\u00e9nagement et de ce fait choisir un moment convenable et id\u00e9al n\u2019incluant pas les jours de f\u00eate ni les jours de vacances. En outre, le choix de l\u2019agence aussi reste un point important, car le service diff\u00e8re selon chaque agence. Apr\u00e8s ces \u00e9tapes, la personne d\u00e9sireuse de changer de r\u00e9sidence est pri\u00e9e d\u2019effectuer une demande de devis pr\u00e9sentant la valeur de ses mobiliers d\u00e9m\u00e9nag\u00e9s, le tarif horaire et la somme forfaitaire du d\u00e9m\u00e9nagement aupr\u00e8s de l\u2019agence en question. Entre autres, pour que le d\u00e9m\u00e9nageur puisse effectuer ses t\u00e2ches pleinement, il est fondamental de le renseigner \u00e0 propos de la maison \u00e0 d\u00e9m\u00e9nager. Se renseigner sur les assurances li\u00e9es \u00e0 l\u2019entreprise de d\u00e9m\u00e9nagement\u00a0est conseiller. Cependant si vous avez d\u00e9cidez de d\u00e9m\u00e9nager par vos propres moyens, assurez-vous au moins avoir la comp\u00e9tence est le permis pour effectuer le transport. Cela est d\u00e9conseill\u00e9 dans le cas contraire. De plus, si vous ne poss\u00e9dez pas de camion pour le transport, vous pouvez opter pour un chariot. N\u00e9anmoins, si vous avez des doutes n\u2019h\u00e9sitez pas \u00e0 faire appel \u00e0 des professionnels sp\u00e9cialis\u00e9s pour ce genre de situation afin de vous assurer du confort et de la s\u00e9curit\u00e9 de vos pr\u00e9cieux biens. \u00c0 noter que l\u2019usage de ses services en question n\u2019est pas gratuit, mais par contre abordable.<\/p>\n","protected":false},"excerpt":{"rendered":"<p>Lorsque l\u2019on d\u00e9cide de d\u00e9m\u00e9nager, il faut s\u2019organiser selon les normes. Une \u00e9valuation de ce dernier est indispensable, cette \u00e9valuation est appel\u00e9e devis de d\u00e9m\u00e9nagement. On peut obtenir le devis de d\u00e9m\u00e9nagement gratuitement aupr\u00e8s des agences de demenagement . D\u00e9m\u00e9nager est g\u00e9n\u00e9ralement synonyme de changement de demeure. Celui-ci peut \u00eatre caus\u00e9 par diverse raison variant &hellip; <a href=\"https:\/\/www.pptrhonealpes.com\/\" class=\"more-link\">Continue reading <span class=\"screen-reader-text\">Demenageur<\/span> <span class=\"meta-nav\">&rarr;<\/span><\/a><\/p>\n","protected":false},"author":1,"featured_media":0,"parent":0,"menu_order":0,"comment_status":"closed","ping_status":"closed","template":"","meta":{"_seopress_robots_primary_cat":"","_seopress_titles_title":"","_seopress_titles_desc":"","_seopress_robots_index":"","footnotes":""},"class_list":["post-6","page","type-page","status-publish","hentry"],"_links":{"self":[{"href":"https:\/\/www.pptrhonealpes.com\/index.php\/wp-json\/wp\/v2\/pages\/6","targetHints":{"allow":["GET"]}}],"collection":[{"href":"https:\/\/www.pptrhonealpes.com\/index.php\/wp-json\/wp\/v2\/pages"}],"about":[{"href":"https:\/\/www.pptrhonealpes.com\/index.php\/wp-json\/wp\/v2\/types\/page"}],"author":[{"embeddable":true,"href":"https:\/\/www.pptrhonealpes.com\/index.php\/wp-json\/wp\/v2\/users\/1"}],"replies":[{"embeddable":true,"href":"https:\/\/www.pptrhonealpes.com\/index.php\/wp-json\/wp\/v2\/comments?post=6"}],"version-history":[{"count":7,"href":"https:\/\/www.pptrhonealpes.com\/index.php\/wp-json\/wp\/v2\/pages\/6\/revisions"}],"predecessor-version":[{"id":17,"href":"https:\/\/www.pptrhonealpes.com\/index.php\/wp-json\/wp\/v2\/pages\/6\/revisions\/17"}],"wp:attachment":[{"href":"https:\/\/www.pptrhonealpes.com\/index.php\/wp-json\/wp\/v2\/media?parent=6"}],"curies":[{"name":"wp","href":"https:\/\/api.w.org\/{rel}","templated":true}]}}